{"id":910,"date":"2019-08-22T21:44:11","date_gmt":"2019-08-23T03:44:11","guid":{"rendered":"https:\/\/www.sitalento.com\/Virtual\/?page_id=910"},"modified":"2019-08-22T22:08:32","modified_gmt":"2019-08-23T04:08:32","slug":"politica-de-privacidad","status":"publish","type":"page","link":"https:\/\/www.sitalento.com\/Virtual\/politica-de-privacidad\/","title":{"rendered":"Pol\u00edtica de privacidad"},"content":{"rendered":"\t\t<div data-elementor-type=\"wp-post\" data-elementor-id=\"910\" class=\"elementor elementor-910\">\n\t\t\t\t\t\t<section class=\"has_eae_slider elementor-section elementor-top-section elementor-element elementor-element-80610e7 elementor-section-boxed elementor-section-height-default elementor-section-height-default\" data-id=\"80610e7\" data-element_type=\"section\">\n\t\t\t\t\t\t<div class=\"elementor-container elementor-column-gap-default\">\n\t\t\t\t\t<div class=\"has_eae_slider elementor-column elementor-col-100 elementor-top-column elementor-element elementor-element-12c44bb\" data-id=\"12c44bb\" data-element_type=\"column\">\n\t\t\t<div class=\"elementor-widget-wrap elementor-element-populated\">\n\t\t\t\t\t\t<div class=\"elementor-element elementor-element-5f6e5b1 elementor-widget elementor-widget-spacer\" data-id=\"5f6e5b1\" data-element_type=\"widget\" data-widget_type=\"spacer.default\">\n\t\t\t\t<div class=\"elementor-widget-container\">\n\t\t\t\t\t\t\t<div class=\"elementor-spacer\">\n\t\t\t<div class=\"elementor-spacer-inner\"><\/div>\n\t\t<\/div>\n\t\t\t\t\t\t<\/div>\n\t\t\t\t<\/div>\n\t\t\t\t<div class=\"elementor-element elementor-element-a64675d elementor-widget elementor-widget-heading\" data-id=\"a64675d\" data-element_type=\"widget\" data-widget_type=\"heading.default\">\n\t\t\t\t<div class=\"elementor-widget-container\">\n\t\t\t\t\t<h2 class=\"elementor-heading-title elementor-size-default\">Pol\u00edtica de Privacidad<\/h2>\t\t\t\t<\/div>\n\t\t\t\t<\/div>\n\t\t\t\t<div class=\"elementor-element elementor-element-8bf522c elementor-widget elementor-widget-spacer\" data-id=\"8bf522c\" data-element_type=\"widget\" data-widget_type=\"spacer.default\">\n\t\t\t\t<div class=\"elementor-widget-container\">\n\t\t\t\t\t\t\t<div class=\"elementor-spacer\">\n\t\t\t<div class=\"elementor-spacer-inner\"><\/div>\n\t\t<\/div>\n\t\t\t\t\t\t<\/div>\n\t\t\t\t<\/div>\n\t\t\t\t\t<\/div>\n\t\t<\/div>\n\t\t\t\t\t<\/div>\n\t\t<\/section>\n\t\t\t\t<section class=\"has_eae_slider elementor-section elementor-top-section elementor-element elementor-element-bdb960c elementor-section-boxed elementor-section-height-default elementor-section-height-default\" data-id=\"bdb960c\" data-element_type=\"section\">\n\t\t\t\t\t\t<div class=\"elementor-container elementor-column-gap-default\">\n\t\t\t\t\t<div class=\"has_eae_slider elementor-column elementor-col-100 elementor-top-column elementor-element elementor-element-2b887c4\" data-id=\"2b887c4\" data-element_type=\"column\">\n\t\t\t<div class=\"elementor-widget-wrap elementor-element-populated\">\n\t\t\t\t\t\t<div class=\"elementor-element elementor-element-e1dc9a5 elementor-widget elementor-widget-text-editor\" data-id=\"e1dc9a5\" data-element_type=\"widget\" data-widget_type=\"text-editor.default\">\n\t\t\t\t<div class=\"elementor-widget-container\">\n\t\t\t\t\t\t\t\t\t<p>En SITALENTO, nos preocupamos por el manejo correcto de tus datos, por lo tanto, declaramos que:<\/p><p>Nuestra Empresa, usa y protege la informaci\u00f3n que es proporcionada por sus usuarios al momento de utilizar este sitio web. Estamos comprometidos\u00a0 con la seguridad de los datos de sus usuarios. Cuando le pedimos llenar los campos de informaci\u00f3n personal con la cual usted pueda ser identificado, lo hacemos asegurando que s\u00f3lo se emplear\u00e1 de acuerdo con los t\u00e9rminos de este documento. Sin embargo esta Pol\u00edtica de Privacidad puede cambiar con el tiempo o ser actualizada por lo que le recomendamos y enfatizamos revisar continuamente esta p\u00e1gina para asegurarse que est\u00e1 de acuerdo con dichos cambios.<\/p><p><strong>Informaci\u00f3n que es recogida<\/strong><\/p><p>Nuestro sitio web podr\u00e1 recoger informaci\u00f3n personal por ejemplo: Nombre,\u00a0 informaci\u00f3n de contacto como\u00a0 su direcci\u00f3n de correo electr\u00f3nica e informaci\u00f3n demogr\u00e1fica. As\u00ed mismo cuando sea necesario podr\u00e1 ser requerida informaci\u00f3n espec\u00edfica para procesar alg\u00fan pedido o realizar una entrega o facturaci\u00f3n.<\/p><p><strong>Uso de la informaci\u00f3n recogida<\/strong><\/p><p>Nuestro sitio web emplea la informaci\u00f3n con el fin de proporcionar el mejor servicio posible, particularmente para mantener un registro de usuarios, de pedidos en caso que aplique, y mejorar nuestros productos y servicios. \u00a0Es posible que sean enviados correos electr\u00f3nicos peri\u00f3dicamente a trav\u00e9s de nuestro sitio con ofertas especiales, nuevos productos y otra informaci\u00f3n publicitaria que consideremos relevante para usted o que pueda brindarle alg\u00fan beneficio, estos correos electr\u00f3nicos ser\u00e1n enviados a la direcci\u00f3n que usted proporcione y podr\u00e1n ser cancelados en cualquier momento.<\/p><p>Estamos altamente comprometidos para cumplir con el compromiso de mantener su informaci\u00f3n segura. Usamos los sistemas m\u00e1s avanzados y los actualizamos constantemente para asegurarnos que no exista ning\u00fan acceso no autorizado.<\/p><p><strong>Uso compartido de datos<\/strong><\/p><p>Garantizamos que su informaci\u00f3n \u00fanicamente ser\u00e1 manejada y utilizada por nuestro consorcio de empresas: SITALENTO, en sus divisiones de CURSOS VIRTUALES y BASE DE EMPLEO,\u00a0 y por nuestra empresa hermana ACADEMIASIT. Aseguramos que su informaci\u00f3n no ser\u00e1 vendida ni procesada de forma alguna con otras empresas y su uso ser\u00e1 \u00fanico y exclusivo de SITALENTO y sus divisiones y empresa hermana.<\/p><p><strong>SITALENTO es una marca registrada y protegida por el marco jur\u00eddico de El Salvador en materia Registral y Comercial, todo uso indebido, apropiaci\u00f3n, comercializaci\u00f3n, copia, distribuci\u00f3n de contenido, uso de sus marcas, logos y slogan sin la autorizaci\u00f3n expresa de su propietario o representante legal, ser\u00e1 denunciado en los tribunales de la Rep\u00fablica para los efectos legales consiguientes. <br \/><\/strong><\/p>\t\t\t\t\t\t\t\t<\/div>\n\t\t\t\t<\/div>\n\t\t\t\t\t<\/div>\n\t\t<\/div>\n\t\t\t\t\t<\/div>\n\t\t<\/section>\n\t\t\t\t<section class=\"has_eae_slider elementor-section elementor-top-section elementor-element elementor-element-0c2f740 elementor-section-boxed elementor-section-height-default elementor-section-height-default\" data-id=\"0c2f740\" data-element_type=\"section\">\n\t\t\t\t\t\t<div class=\"elementor-container elementor-column-gap-default\">\n\t\t\t\t\t<div class=\"has_eae_slider elementor-column elementor-col-100 elementor-top-column elementor-element elementor-element-f73c89d\" data-id=\"f73c89d\" data-element_type=\"column\">\n\t\t\t<div class=\"elementor-widget-wrap\">\n\t\t\t\t\t\t\t<\/div>\n\t\t<\/div>\n\t\t\t\t\t<\/div>\n\t\t<\/section>\n\t\t\t\t<\/div>\n\t\t","protected":false},"excerpt":{"rendered":"<p>Pol\u00edtica de Privacidad En SITALENTO, nos preocupamos por el manejo correcto de tus datos, por lo tanto, declaramos que: Nuestra Empresa, usa y protege la informaci\u00f3n que es proporcionada por sus usuarios al momento de utilizar este sitio web. Estamos comprometidos\u00a0 con la seguridad de los datos de sus usuarios. Cuando le pedimos llenar los &hellip;<\/p>\n<p class=\"read-more\"> <a class=\"\" href=\"https:\/\/www.sitalento.com\/Virtual\/politica-de-privacidad\/\"> <span class=\"screen-reader-text\">Pol\u00edtica de privacidad<\/span> Leer m\u00e1s &raquo;<\/a><\/p>\n","protected":false},"author":1,"featured_media":0,"parent":0,"menu_order":0,"comment_status":"closed","ping_status":"closed","template":"elementor_canvas","meta":{"om_disable_all_campaigns":false,"_monsterinsights_skip_tracking":false,"_monsterinsights_sitenote_active":false,"_monsterinsights_sitenote_note":"","_monsterinsights_sitenote_category":0,"footnotes":""},"class_list":["post-910","page","type-page","status-publish","hentry"],"jetpack_sharing_enabled":true,"_links":{"self":[{"href":"https:\/\/www.sitalento.com\/Virtual\/wp-json\/wp\/v2\/pages\/910","targetHints":{"allow":["GET"]}}],"collection":[{"href":"https:\/\/www.sitalento.com\/Virtual\/wp-json\/wp\/v2\/pages"}],"about":[{"href":"https:\/\/www.sitalento.com\/Virtual\/wp-json\/wp\/v2\/types\/page"}],"author":[{"embeddable":true,"href":"https:\/\/www.sitalento.com\/Virtual\/wp-json\/wp\/v2\/users\/1"}],"replies":[{"embeddable":true,"href":"https:\/\/www.sitalento.com\/Virtual\/wp-json\/wp\/v2\/comments?post=910"}],"version-history":[{"count":4,"href":"https:\/\/www.sitalento.com\/Virtual\/wp-json\/wp\/v2\/pages\/910\/revisions"}],"predecessor-version":[{"id":917,"href":"https:\/\/www.sitalento.com\/Virtual\/wp-json\/wp\/v2\/pages\/910\/revisions\/917"}],"wp:attachment":[{"href":"https:\/\/www.sitalento.com\/Virtual\/wp-json\/wp\/v2\/media?parent=910"}],"curies":[{"name":"wp","href":"https:\/\/api.w.org\/{rel}","templated":true}]}}